{"id":44,"date":"2026-02-15T04:17:59","date_gmt":"2026-02-15T04:17:59","guid":{"rendered":"https:\/\/groovemaniacs.com\/produto\/violino-acustico-4-4\/"},"modified":"2026-02-15T04:17:59","modified_gmt":"2026-02-15T04:17:59","slug":"violino-acustico-4-4","status":"publish","type":"product","link":"https:\/\/groovemaniacs.com\/zh\/produto\/violino-acustico-4-4\/","title":{"rendered":"Violino Ac\u00fastico 4\/4"},"content":{"rendered":"<p>O Violino Ac\u00fastico 4\/4 \u00e9 ideal para m\u00fasicos cl\u00e1ssicos e iniciantes. Com constru\u00e7\u00e3o em madeira de alta qualidade, oferece som rico e ressonante, perfeito para apresenta\u00e7\u00f5es solo e em orquestra.<\/p>","protected":false},"excerpt":{"rendered":"<p>O Violino Ac\u00fastico 4\/4 \u00e9 ideal para m\u00fasicos cl\u00e1ssicos e iniciantes. Com constru\u00e7\u00e3o em madeira de alta qualidade, oferece som rico e ressonante, perfeito para apresenta\u00e7\u00f5es solo e em orquestra.<\/p>","protected":false},"featured_media":0,"comment_status":"open","ping_status":"closed","template":"","meta":[],"product_brand":[],"product_cat":[19],"product_tag":[],"class_list":{"0":"post-44","1":"product","2":"type-product","3":"status-publish","5":"product_cat-instrumentos-musicais","7":"first","8":"instock","9":"shipping-taxable","10":"purchasable","11":"product-type-simple"},"yoast_head":"<!-- This site is optimized with the Yoast SEO plugin v27.2 - https:\/\/yoast.com\/product\/yoast-seo-wordpress\/ -->\n<title>Violino Ac\u00fastico 4\/4 - groove maniacs<\/title>\n<meta name=\"robots\" content=\"index, follow, max-snippet:-1, max-image-preview:large, max-video-preview:-1\" \/>\n<link rel=\"canonical\" href=\"https:\/\/groovemaniacs.com\/zh\/produto\/violino-acustico-4-4\/\" \/>\n<meta property=\"og:locale\" content=\"zh_CN\" \/>\n<meta property=\"og:type\" content=\"article\" \/>\n<meta property=\"og:title\" content=\"Violino Ac\u00fastico 4\/4 - groove maniacs\" \/>\n<meta property=\"og:description\" content=\"O Violino Ac\u00fastico 4\/4 \u00e9 ideal para m\u00fasicos cl\u00e1ssicos e iniciantes. Com constru\u00e7\u00e3o em madeira de alta qualidade, oferece som rico e ressonante, perfeito para apresenta\u00e7\u00f5es solo e em orquestra.\" \/>\n<meta property=\"og:url\" content=\"https:\/\/groovemaniacs.com\/zh\/produto\/violino-acustico-4-4\/\" \/>\n<meta property=\"og:site_name\" content=\"groove maniacs\" \/>\n<meta name=\"twitter:card\" content=\"summary_large_image\" \/>\n<script type=\"application\/ld+json\" class=\"yoast-schema-graph\">{\"@context\":\"https:\/\/schema.org\",\"@graph\":[{\"@type\":\"WebPage\",\"@id\":\"https:\/\/groovemaniacs.com\/produto\/violino-acustico-4-4\/\",\"url\":\"https:\/\/groovemaniacs.com\/produto\/violino-acustico-4-4\/\",\"name\":\"Violino Ac\u00fastico 4\/4 - groove maniacs\",\"isPartOf\":{\"@id\":\"https:\/\/groovemaniacs.com\/#website\"},\"datePublished\":\"2026-02-15T04:17:59+00:00\",\"breadcrumb\":{\"@id\":\"https:\/\/groovemaniacs.com\/produto\/violino-acustico-4-4\/#breadcrumb\"},\"inLanguage\":\"zh-Hans\",\"potentialAction\":[{\"@type\":\"ReadAction\",\"target\":[\"https:\/\/groovemaniacs.com\/produto\/violino-acustico-4-4\/\"]}]},{\"@type\":\"BreadcrumbList\",\"@id\":\"https:\/\/groovemaniacs.com\/produto\/violino-acustico-4-4\/#breadcrumb\",\"itemListElement\":[{\"@type\":\"ListItem\",\"position\":1,\"name\":\"In\u00edcio\",\"item\":\"https:\/\/groovemaniacs.com\/\"},{\"@type\":\"ListItem\",\"position\":2,\"name\":\"Loja\",\"item\":\"https:\/\/groovemaniacs.com\/loja\/\"},{\"@type\":\"ListItem\",\"position\":3,\"name\":\"Violino Ac\u00fastico 4\/4\"}]},{\"@type\":\"WebSite\",\"@id\":\"https:\/\/groovemaniacs.com\/#website\",\"url\":\"https:\/\/groovemaniacs.com\/\",\"name\":\"groove maniacs\",\"description\":\"My WordPress Blog\",\"publisher\":{\"@id\":\"https:\/\/groovemaniacs.com\/#organization\"},\"potentialAction\":[{\"@type\":\"SearchAction\",\"target\":{\"@type\":\"EntryPoint\",\"urlTemplate\":\"https:\/\/groovemaniacs.com\/?s={search_term_string}\"},\"query-input\":{\"@type\":\"PropertyValueSpecification\",\"valueRequired\":true,\"valueName\":\"search_term_string\"}}],\"inLanguage\":\"zh-Hans\"},{\"@type\":\"Organization\",\"@id\":\"https:\/\/groovemaniacs.com\/#organization\",\"name\":\"groove maniacs\",\"url\":\"https:\/\/groovemaniacs.com\/\",\"logo\":{\"@type\":\"ImageObject\",\"inLanguage\":\"zh-Hans\",\"@id\":\"https:\/\/groovemaniacs.com\/#\/schema\/logo\/image\/\",\"url\":\"https:\/\/groovemaniacs.com\/wp-content\/uploads\/2026\/02\/ext-custom-logo-1771128996784.webp\",\"contentUrl\":\"https:\/\/groovemaniacs.com\/wp-content\/uploads\/2026\/02\/ext-custom-logo-1771128996784.webp\",\"width\":256,\"height\":256,\"caption\":\"groove maniacs\"},\"image\":{\"@id\":\"https:\/\/groovemaniacs.com\/#\/schema\/logo\/image\/\"}}]}<\/script>\n<!-- \/ Yoast SEO plugin. -->","yoast_head_json":{"title":"Violino Ac\u00fastico 4\/4 - groove maniacs","robots":{"index":"index","follow":"follow","max-snippet":"max-snippet:-1","max-image-preview":"max-image-preview:large","max-video-preview":"max-video-preview:-1"},"canonical":"https:\/\/groovemaniacs.com\/zh\/produto\/violino-acustico-4-4\/","og_locale":"zh_CN","og_type":"article","og_title":"Violino Ac\u00fastico 4\/4 - groove maniacs","og_description":"O Violino Ac\u00fastico 4\/4 \u00e9 ideal para m\u00fasicos cl\u00e1ssicos e iniciantes. Com constru\u00e7\u00e3o em madeira de alta qualidade, oferece som rico e ressonante, perfeito para apresenta\u00e7\u00f5es solo e em orquestra.","og_url":"https:\/\/groovemaniacs.com\/zh\/produto\/violino-acustico-4-4\/","og_site_name":"groove maniacs","twitter_card":"summary_large_image","schema":{"@context":"https:\/\/schema.org","@graph":[{"@type":"WebPage","@id":"https:\/\/groovemaniacs.com\/produto\/violino-acustico-4-4\/","url":"https:\/\/groovemaniacs.com\/produto\/violino-acustico-4-4\/","name":"Violino Ac\u00fastico 4\/4 - groove maniacs","isPartOf":{"@id":"https:\/\/groovemaniacs.com\/#website"},"datePublished":"2026-02-15T04:17:59+00:00","breadcrumb":{"@id":"https:\/\/groovemaniacs.com\/produto\/violino-acustico-4-4\/#breadcrumb"},"inLanguage":"zh-Hans","potentialAction":[{"@type":"ReadAction","target":["https:\/\/groovemaniacs.com\/produto\/violino-acustico-4-4\/"]}]},{"@type":"BreadcrumbList","@id":"https:\/\/groovemaniacs.com\/produto\/violino-acustico-4-4\/#breadcrumb","itemListElement":[{"@type":"ListItem","position":1,"name":"In\u00edcio","item":"https:\/\/groovemaniacs.com\/"},{"@type":"ListItem","position":2,"name":"Loja","item":"https:\/\/groovemaniacs.com\/loja\/"},{"@type":"ListItem","position":3,"name":"Violino Ac\u00fastico 4\/4"}]},{"@type":"WebSite","@id":"https:\/\/groovemaniacs.com\/#website","url":"https:\/\/groovemaniacs.com\/","name":"groove maniacs","description":"My WordPress Blog","publisher":{"@id":"https:\/\/groovemaniacs.com\/#organization"},"potentialAction":[{"@type":"SearchAction","target":{"@type":"EntryPoint","urlTemplate":"https:\/\/groovemaniacs.com\/?s={search_term_string}"},"query-input":{"@type":"PropertyValueSpecification","valueRequired":true,"valueName":"search_term_string"}}],"inLanguage":"zh-Hans"},{"@type":"Organization","@id":"https:\/\/groovemaniacs.com\/#organization","name":"groove maniacs","url":"https:\/\/groovemaniacs.com\/","logo":{"@type":"ImageObject","inLanguage":"zh-Hans","@id":"https:\/\/groovemaniacs.com\/#\/schema\/logo\/image\/","url":"https:\/\/groovemaniacs.com\/wp-content\/uploads\/2026\/02\/ext-custom-logo-1771128996784.webp","contentUrl":"https:\/\/groovemaniacs.com\/wp-content\/uploads\/2026\/02\/ext-custom-logo-1771128996784.webp","width":256,"height":256,"caption":"groove maniacs"},"image":{"@id":"https:\/\/groovemaniacs.com\/#\/schema\/logo\/image\/"}}]}},"_links":{"self":[{"href":"https:\/\/groovemaniacs.com\/zh\/wp-json\/wp\/v2\/product\/44","targetHints":{"allow":["GET"]}}],"collection":[{"href":"https:\/\/groovemaniacs.com\/zh\/wp-json\/wp\/v2\/product"}],"about":[{"href":"https:\/\/groovemaniacs.com\/zh\/wp-json\/wp\/v2\/types\/product"}],"replies":[{"embeddable":true,"href":"https:\/\/groovemaniacs.com\/zh\/wp-json\/wp\/v2\/comments?post=44"}],"wp:attachment":[{"href":"https:\/\/groovemaniacs.com\/zh\/wp-json\/wp\/v2\/media?parent=44"}],"wp:term":[{"taxonomy":"product_brand","embeddable":true,"href":"https:\/\/groovemaniacs.com\/zh\/wp-json\/wp\/v2\/product_brand?post=44"},{"taxonomy":"product_cat","embeddable":true,"href":"https:\/\/groovemaniacs.com\/zh\/wp-json\/wp\/v2\/product_cat?post=44"},{"taxonomy":"product_tag","embeddable":true,"href":"https:\/\/groovemaniacs.com\/zh\/wp-json\/wp\/v2\/product_tag?post=44"}],"curies":[{"name":"wp","href":"https:\/\/api.w.org\/{rel}","templated":true}]}}