{"id":46,"date":"2026-02-15T04:18:00","date_gmt":"2026-02-15T04:18:00","guid":{"rendered":"https:\/\/groovemaniacs.com\/produto\/correia-de-guitarra\/"},"modified":"2026-02-15T04:18:00","modified_gmt":"2026-02-15T04:18:00","slug":"correia-de-guitarra","status":"publish","type":"product","link":"https:\/\/groovemaniacs.com\/zh\/produto\/correia-de-guitarra\/","title":{"rendered":"Correia de Guitarra"},"content":{"rendered":"<p>A Correia de Guitarra \u00e9 um acess\u00f3rio indispens\u00e1vel para guitarristas. Feita de material resistente, oferece conforto e seguran\u00e7a durante performances ao vivo.<\/p>","protected":false},"excerpt":{"rendered":"<p>A Correia de Guitarra \u00e9 um acess\u00f3rio indispens\u00e1vel para guitarristas. Feita de material resistente, oferece conforto e seguran\u00e7a durante performances ao vivo.<\/p>","protected":false},"featured_media":0,"comment_status":"open","ping_status":"closed","template":"","meta":[],"product_brand":[],"product_cat":[21],"product_tag":[],"class_list":{"0":"post-46","1":"product","2":"type-product","3":"status-publish","5":"product_cat-acessorios-musicais","7":"first","8":"instock","9":"shipping-taxable","10":"purchasable","11":"product-type-simple"},"yoast_head":"<!-- This site is optimized with the Yoast SEO plugin v27.2 - https:\/\/yoast.com\/product\/yoast-seo-wordpress\/ -->\n<title>Correia de Guitarra - groove maniacs<\/title>\n<meta name=\"robots\" content=\"index, follow, max-snippet:-1, max-image-preview:large, max-video-preview:-1\" \/>\n<link rel=\"canonical\" href=\"https:\/\/groovemaniacs.com\/zh\/produto\/correia-de-guitarra\/\" \/>\n<meta property=\"og:locale\" content=\"zh_CN\" \/>\n<meta property=\"og:type\" content=\"article\" \/>\n<meta property=\"og:title\" content=\"Correia de Guitarra - groove maniacs\" \/>\n<meta property=\"og:description\" content=\"A Correia de Guitarra \u00e9 um acess\u00f3rio indispens\u00e1vel para guitarristas. Feita de material resistente, oferece conforto e seguran\u00e7a durante performances ao vivo.\" \/>\n<meta property=\"og:url\" content=\"https:\/\/groovemaniacs.com\/zh\/produto\/correia-de-guitarra\/\" \/>\n<meta property=\"og:site_name\" content=\"groove maniacs\" \/>\n<meta name=\"twitter:card\" content=\"summary_large_image\" \/>\n<script type=\"application\/ld+json\" class=\"yoast-schema-graph\">{\"@context\":\"https:\/\/schema.org\",\"@graph\":[{\"@type\":\"WebPage\",\"@id\":\"https:\/\/groovemaniacs.com\/produto\/correia-de-guitarra\/\",\"url\":\"https:\/\/groovemaniacs.com\/produto\/correia-de-guitarra\/\",\"name\":\"Correia de Guitarra - groove maniacs\",\"isPartOf\":{\"@id\":\"https:\/\/groovemaniacs.com\/#website\"},\"datePublished\":\"2026-02-15T04:18:00+00:00\",\"breadcrumb\":{\"@id\":\"https:\/\/groovemaniacs.com\/produto\/correia-de-guitarra\/#breadcrumb\"},\"inLanguage\":\"zh-Hans\",\"potentialAction\":[{\"@type\":\"ReadAction\",\"target\":[\"https:\/\/groovemaniacs.com\/produto\/correia-de-guitarra\/\"]}]},{\"@type\":\"BreadcrumbList\",\"@id\":\"https:\/\/groovemaniacs.com\/produto\/correia-de-guitarra\/#breadcrumb\",\"itemListElement\":[{\"@type\":\"ListItem\",\"position\":1,\"name\":\"In\u00edcio\",\"item\":\"https:\/\/groovemaniacs.com\/\"},{\"@type\":\"ListItem\",\"position\":2,\"name\":\"Loja\",\"item\":\"https:\/\/groovemaniacs.com\/loja\/\"},{\"@type\":\"ListItem\",\"position\":3,\"name\":\"Correia de Guitarra\"}]},{\"@type\":\"WebSite\",\"@id\":\"https:\/\/groovemaniacs.com\/#website\",\"url\":\"https:\/\/groovemaniacs.com\/\",\"name\":\"groove maniacs\",\"description\":\"My WordPress Blog\",\"publisher\":{\"@id\":\"https:\/\/groovemaniacs.com\/#organization\"},\"potentialAction\":[{\"@type\":\"SearchAction\",\"target\":{\"@type\":\"EntryPoint\",\"urlTemplate\":\"https:\/\/groovemaniacs.com\/?s={search_term_string}\"},\"query-input\":{\"@type\":\"PropertyValueSpecification\",\"valueRequired\":true,\"valueName\":\"search_term_string\"}}],\"inLanguage\":\"zh-Hans\"},{\"@type\":\"Organization\",\"@id\":\"https:\/\/groovemaniacs.com\/#organization\",\"name\":\"groove maniacs\",\"url\":\"https:\/\/groovemaniacs.com\/\",\"logo\":{\"@type\":\"ImageObject\",\"inLanguage\":\"zh-Hans\",\"@id\":\"https:\/\/groovemaniacs.com\/#\/schema\/logo\/image\/\",\"url\":\"https:\/\/groovemaniacs.com\/wp-content\/uploads\/2026\/02\/ext-custom-logo-1771128996784.webp\",\"contentUrl\":\"https:\/\/groovemaniacs.com\/wp-content\/uploads\/2026\/02\/ext-custom-logo-1771128996784.webp\",\"width\":256,\"height\":256,\"caption\":\"groove maniacs\"},\"image\":{\"@id\":\"https:\/\/groovemaniacs.com\/#\/schema\/logo\/image\/\"}}]}<\/script>\n<!-- \/ Yoast SEO plugin. -->","yoast_head_json":{"title":"Correia de Guitarra - groove maniacs","robots":{"index":"index","follow":"follow","max-snippet":"max-snippet:-1","max-image-preview":"max-image-preview:large","max-video-preview":"max-video-preview:-1"},"canonical":"https:\/\/groovemaniacs.com\/zh\/produto\/correia-de-guitarra\/","og_locale":"zh_CN","og_type":"article","og_title":"Correia de Guitarra - groove maniacs","og_description":"A Correia de Guitarra \u00e9 um acess\u00f3rio indispens\u00e1vel para guitarristas. Feita de material resistente, oferece conforto e seguran\u00e7a durante performances ao vivo.","og_url":"https:\/\/groovemaniacs.com\/zh\/produto\/correia-de-guitarra\/","og_site_name":"groove maniacs","twitter_card":"summary_large_image","schema":{"@context":"https:\/\/schema.org","@graph":[{"@type":"WebPage","@id":"https:\/\/groovemaniacs.com\/produto\/correia-de-guitarra\/","url":"https:\/\/groovemaniacs.com\/produto\/correia-de-guitarra\/","name":"Correia de Guitarra - groove maniacs","isPartOf":{"@id":"https:\/\/groovemaniacs.com\/#website"},"datePublished":"2026-02-15T04:18:00+00:00","breadcrumb":{"@id":"https:\/\/groovemaniacs.com\/produto\/correia-de-guitarra\/#breadcrumb"},"inLanguage":"zh-Hans","potentialAction":[{"@type":"ReadAction","target":["https:\/\/groovemaniacs.com\/produto\/correia-de-guitarra\/"]}]},{"@type":"BreadcrumbList","@id":"https:\/\/groovemaniacs.com\/produto\/correia-de-guitarra\/#breadcrumb","itemListElement":[{"@type":"ListItem","position":1,"name":"In\u00edcio","item":"https:\/\/groovemaniacs.com\/"},{"@type":"ListItem","position":2,"name":"Loja","item":"https:\/\/groovemaniacs.com\/loja\/"},{"@type":"ListItem","position":3,"name":"Correia de Guitarra"}]},{"@type":"WebSite","@id":"https:\/\/groovemaniacs.com\/#website","url":"https:\/\/groovemaniacs.com\/","name":"groove maniacs","description":"My WordPress Blog","publisher":{"@id":"https:\/\/groovemaniacs.com\/#organization"},"potentialAction":[{"@type":"SearchAction","target":{"@type":"EntryPoint","urlTemplate":"https:\/\/groovemaniacs.com\/?s={search_term_string}"},"query-input":{"@type":"PropertyValueSpecification","valueRequired":true,"valueName":"search_term_string"}}],"inLanguage":"zh-Hans"},{"@type":"Organization","@id":"https:\/\/groovemaniacs.com\/#organization","name":"groove maniacs","url":"https:\/\/groovemaniacs.com\/","logo":{"@type":"ImageObject","inLanguage":"zh-Hans","@id":"https:\/\/groovemaniacs.com\/#\/schema\/logo\/image\/","url":"https:\/\/groovemaniacs.com\/wp-content\/uploads\/2026\/02\/ext-custom-logo-1771128996784.webp","contentUrl":"https:\/\/groovemaniacs.com\/wp-content\/uploads\/2026\/02\/ext-custom-logo-1771128996784.webp","width":256,"height":256,"caption":"groove maniacs"},"image":{"@id":"https:\/\/groovemaniacs.com\/#\/schema\/logo\/image\/"}}]}},"_links":{"self":[{"href":"https:\/\/groovemaniacs.com\/zh\/wp-json\/wp\/v2\/product\/46","targetHints":{"allow":["GET"]}}],"collection":[{"href":"https:\/\/groovemaniacs.com\/zh\/wp-json\/wp\/v2\/product"}],"about":[{"href":"https:\/\/groovemaniacs.com\/zh\/wp-json\/wp\/v2\/types\/product"}],"replies":[{"embeddable":true,"href":"https:\/\/groovemaniacs.com\/zh\/wp-json\/wp\/v2\/comments?post=46"}],"wp:attachment":[{"href":"https:\/\/groovemaniacs.com\/zh\/wp-json\/wp\/v2\/media?parent=46"}],"wp:term":[{"taxonomy":"product_brand","embeddable":true,"href":"https:\/\/groovemaniacs.com\/zh\/wp-json\/wp\/v2\/product_brand?post=46"},{"taxonomy":"product_cat","embeddable":true,"href":"https:\/\/groovemaniacs.com\/zh\/wp-json\/wp\/v2\/product_cat?post=46"},{"taxonomy":"product_tag","embeddable":true,"href":"https:\/\/groovemaniacs.com\/zh\/wp-json\/wp\/v2\/product_tag?post=46"}],"curies":[{"name":"wp","href":"https:\/\/api.w.org\/{rel}","templated":true}]}}